{"id":545,"date":"2024-03-07T18:34:23","date_gmt":"2024-03-07T17:34:23","guid":{"rendered":"https:\/\/kindlaurent.fr\/?page_id=545"},"modified":"2026-01-26T11:40:15","modified_gmt":"2026-01-26T10:40:15","slug":"bonnes-adresses","status":"publish","type":"page","link":"https:\/\/kindlaurent.fr\/index.php\/bonnes-adresses\/","title":{"rendered":"Bonnes adresses, sites et liens"},"content":{"rendered":"\n<figure class=\"wp-block-image size-full\"><img loading=\"lazy\" decoding=\"async\" width=\"403\" height=\"403\" src=\"https:\/\/kindlaurent.fr\/wp-content\/uploads\/2024\/03\/1546453_281723795314884_574389447_n.png\" alt=\"\" class=\"wp-image-546\" srcset=\"https:\/\/kindlaurent.fr\/wp-content\/uploads\/2024\/03\/1546453_281723795314884_574389447_n.png 403w, https:\/\/kindlaurent.fr\/wp-content\/uploads\/2024\/03\/1546453_281723795314884_574389447_n-300x300.png 300w, https:\/\/kindlaurent.fr\/wp-content\/uploads\/2024\/03\/1546453_281723795314884_574389447_n-150x150.png 150w\" sizes=\"(max-width: 403px) 100vw, 403px\" \/><\/figure>\n\n\n\n<p class=\"has-text-color has-link-color has-medium-font-size wp-elements-5c815eaa9bd4a99aa19776bba6ff03ae\" style=\"color:#d81b1b\"><strong>Page mise \u00e0 jour le26\/01\/2026<\/strong><\/p>\n\n\n<div class=\"wp-block-image\">\n<figure class=\"aligncenter size-full\"><img loading=\"lazy\" decoding=\"async\" width=\"230\" height=\"320\" src=\"https:\/\/kindlaurent.fr\/wp-content\/uploads\/2024\/03\/pirate.gif\" alt=\"\" class=\"wp-image-547\"\/><\/figure><\/div>\n\n\n<p>Bonjour,<\/p>\n\n\n\n<p class=\"has-medium-font-size\"><strong>Pour info, le salon de CARVIN aura lieu le 29 Mars 2026.<\/strong><\/p>\n\n\n\n<p>pour infos, Ci-joint affiche et bulletin inscription.<\/p>\n\n\n\n<p>Amicalement,<\/p>\n\n\n\n<p>Franck<\/p>\n\n\n\n<figure data-wp-context=\"{ &quot;core&quot;:\n\t\t\t\t{ &quot;image&quot;:\n\t\t\t\t\t{   &quot;imageLoaded&quot;: false,\n\t\t\t\t\t\t&quot;initialized&quot;: false,\n\t\t\t\t\t\t&quot;lightboxEnabled&quot;: false,\n\t\t\t\t\t\t&quot;hideAnimationEnabled&quot;: false,\n\t\t\t\t\t\t&quot;preloadInitialized&quot;: false,\n\t\t\t\t\t\t&quot;lightboxAnimation&quot;: &quot;zoom&quot;,\n\t\t\t\t\t\t&quot;imageUploadedSrc&quot;: &quot;https:\/\/kindlaurent.fr\/wp-content\/uploads\/2026\/01\/Affiche-Kinder-2026-FR.jpg&quot;,\n\t\t\t\t\t\t&quot;imageCurrentSrc&quot;: &quot;&quot;,\n\t\t\t\t\t\t&quot;targetWidth&quot;: &quot;643&quot;,\n\t\t\t\t\t\t&quot;targetHeight&quot;: &quot;891&quot;,\n\t\t\t\t\t\t&quot;scaleAttr&quot;: &quot;&quot;,\n\t\t\t\t\t\t&quot;dialogLabel&quot;: &quot;Image agrandie&quot;\n\t\t\t\t\t}\n\t\t\t\t}\n\t\t\t}\" data-wp-interactive class=\"wp-block-image size-full is-resized wp-lightbox-container\"><img loading=\"lazy\" decoding=\"async\" width=\"643\" height=\"891\" data-wp-effect--setStylesOnResize=\"effects.core.image.setStylesOnResize\" data-wp-effect=\"effects.core.image.setButtonStyles\" data-wp-init=\"effects.core.image.initOriginImage\" data-wp-on--click=\"actions.core.image.showLightbox\" data-wp-on--load=\"actions.core.image.handleLoad\" src=\"https:\/\/kindlaurent.fr\/wp-content\/uploads\/2026\/01\/Affiche-Kinder-2026-FR.jpg\" alt=\"\" class=\"wp-image-45415\" style=\"width:296px;height:auto\" srcset=\"https:\/\/kindlaurent.fr\/wp-content\/uploads\/2026\/01\/Affiche-Kinder-2026-FR.jpg 643w, https:\/\/kindlaurent.fr\/wp-content\/uploads\/2026\/01\/Affiche-Kinder-2026-FR-216x300.jpg 216w\" sizes=\"(max-width: 643px) 100vw, 643px\" \/><button\n\t\t\tclass=\"lightbox-trigger\"\n\t\t\ttype=\"button\"\n\t\t\taria-haspopup=\"dialog\"\n\t\t\taria-label=\"Agrandir l\u2018image\"\n\t\t\tdata-wp-on--click=\"actions.core.image.showLightbox\"\n\t\t\tdata-wp-style--right=\"context.core.image.imageButtonRight\"\n\t\t\tdata-wp-style--top=\"context.core.image.imageButtonTop\"\n\t\t>\n\t\t\t<svg xmlns=\"http:\/\/www.w3.org\/2000\/svg\" width=\"12\" height=\"12\" fill=\"none\" viewBox=\"0 0 12 12\">\n\t\t\t\t<path fill=\"#fff\" d=\"M2 0a2 2 0 0 0-2 2v2h1.5V2a.5.5 0 0 1 .5-.5h2V0H2Zm2 10.5H2a.5.5 0 0 1-.5-.5V8H0v2a2 2 0 0 0 2 2h2v-1.5ZM8 12v-1.5h2a.5.5 0 0 0 .5-.5V8H12v2a2 2 0 0 1-2 2H8Zm2-12a2 2 0 0 1 2 2v2h-1.5V2a.5.5 0 0 0-.5-.5H8V0h2Z\" \/>\n\t\t\t<\/svg>\n\t\t<\/button>        <div data-wp-body=\"\" class=\"wp-lightbox-overlay zoom\"\n            data-wp-bind--role=\"selectors.core.image.roleAttribute\"\n            data-wp-bind--aria-label=\"selectors.core.image.dialogLabel\"\n            data-wp-class--initialized=\"context.core.image.initialized\"\n            data-wp-class--active=\"context.core.image.lightboxEnabled\"\n            data-wp-class--hideAnimationEnabled=\"context.core.image.hideAnimationEnabled\"\n            data-wp-bind--aria-modal=\"selectors.core.image.ariaModal\"\n            data-wp-effect=\"effects.core.image.initLightbox\"\n            data-wp-on--keydown=\"actions.core.image.handleKeydown\"\n            data-wp-on--touchstart=\"actions.core.image.handleTouchStart\"\n            data-wp-on--touchmove=\"actions.core.image.handleTouchMove\"\n            data-wp-on--touchend=\"actions.core.image.handleTouchEnd\"\n            data-wp-on--click=\"actions.core.image.hideLightbox\"\n            tabindex=\"-1\"\n            >\n                <button type=\"button\" aria-label=\"Fermer\" style=\"fill: #000\" class=\"close-button\" data-wp-on--click=\"actions.core.image.hideLightbox\">\n                    <svg xmlns=\"http:\/\/www.w3.org\/2000\/svg\" viewBox=\"0 0 24 24\" width=\"20\" height=\"20\" aria-hidden=\"true\" focusable=\"false\"><path d=\"M13 11.8l6.1-6.3-1-1-6.1 6.2-6.1-6.2-1 1 6.1 6.3-6.5 6.7 1 1 6.5-6.6 6.5 6.6 1-1z\"><\/path><\/svg>\n                <\/button>\n                <div class=\"lightbox-image-container\">\n<figure class=\"wp-block-image size-full is-resized responsive-image\"><img decoding=\"async\" data-wp-bind--src=\"context.core.image.imageCurrentSrc\" data-wp-style--object-fit=\"selectors.core.image.lightboxObjectFit\" src=\"\" alt=\"\" class=\"wp-image-45415\" style=\"width:296px;height:auto\"\/><\/figure>\n<\/div>\n                <div class=\"lightbox-image-container\">\n<figure class=\"wp-block-image size-full is-resized enlarged-image\"><img decoding=\"async\" data-wp-bind--src=\"selectors.core.image.enlargedImgSrc\" data-wp-style--object-fit=\"selectors.core.image.lightboxObjectFit\" src=\"\" alt=\"\" class=\"wp-image-45415\" style=\"width:296px;height:auto\"\/><\/figure>\n<\/div>\n                <div class=\"scrim\" style=\"background-color: #fff\" aria-hidden=\"true\"><\/div>\n        <\/div><\/figure>\n\n\n\n<figure data-wp-context=\"{ &quot;core&quot;:\n\t\t\t\t{ &quot;image&quot;:\n\t\t\t\t\t{   &quot;imageLoaded&quot;: false,\n\t\t\t\t\t\t&quot;initialized&quot;: false,\n\t\t\t\t\t\t&quot;lightboxEnabled&quot;: false,\n\t\t\t\t\t\t&quot;hideAnimationEnabled&quot;: false,\n\t\t\t\t\t\t&quot;preloadInitialized&quot;: false,\n\t\t\t\t\t\t&quot;lightboxAnimation&quot;: &quot;zoom&quot;,\n\t\t\t\t\t\t&quot;imageUploadedSrc&quot;: &quot;https:\/\/kindlaurent.fr\/wp-content\/uploads\/2026\/01\/Capture-plein-ecran-26012026-113927.bmp.jpg&quot;,\n\t\t\t\t\t\t&quot;imageCurrentSrc&quot;: &quot;&quot;,\n\t\t\t\t\t\t&quot;targetWidth&quot;: &quot;626&quot;,\n\t\t\t\t\t\t&quot;targetHeight&quot;: &quot;867&quot;,\n\t\t\t\t\t\t&quot;scaleAttr&quot;: &quot;&quot;,\n\t\t\t\t\t\t&quot;dialogLabel&quot;: &quot;Image agrandie&quot;\n\t\t\t\t\t}\n\t\t\t\t}\n\t\t\t}\" data-wp-interactive class=\"wp-block-image size-full is-resized wp-lightbox-container\"><img loading=\"lazy\" decoding=\"async\" width=\"626\" height=\"867\" data-wp-effect--setStylesOnResize=\"effects.core.image.setStylesOnResize\" data-wp-effect=\"effects.core.image.setButtonStyles\" data-wp-init=\"effects.core.image.initOriginImage\" data-wp-on--click=\"actions.core.image.showLightbox\" data-wp-on--load=\"actions.core.image.handleLoad\" src=\"https:\/\/kindlaurent.fr\/wp-content\/uploads\/2026\/01\/Capture-plein-ecran-26012026-113927.bmp.jpg\" alt=\"\" class=\"wp-image-45416\" style=\"width:297px;height:auto\" srcset=\"https:\/\/kindlaurent.fr\/wp-content\/uploads\/2026\/01\/Capture-plein-ecran-26012026-113927.bmp.jpg 626w, https:\/\/kindlaurent.fr\/wp-content\/uploads\/2026\/01\/Capture-plein-ecran-26012026-113927.bmp-217x300.jpg 217w\" sizes=\"(max-width: 626px) 100vw, 626px\" \/><button\n\t\t\tclass=\"lightbox-trigger\"\n\t\t\ttype=\"button\"\n\t\t\taria-haspopup=\"dialog\"\n\t\t\taria-label=\"Agrandir l\u2018image\"\n\t\t\tdata-wp-on--click=\"actions.core.image.showLightbox\"\n\t\t\tdata-wp-style--right=\"context.core.image.imageButtonRight\"\n\t\t\tdata-wp-style--top=\"context.core.image.imageButtonTop\"\n\t\t>\n\t\t\t<svg xmlns=\"http:\/\/www.w3.org\/2000\/svg\" width=\"12\" height=\"12\" fill=\"none\" viewBox=\"0 0 12 12\">\n\t\t\t\t<path fill=\"#fff\" d=\"M2 0a2 2 0 0 0-2 2v2h1.5V2a.5.5 0 0 1 .5-.5h2V0H2Zm2 10.5H2a.5.5 0 0 1-.5-.5V8H0v2a2 2 0 0 0 2 2h2v-1.5ZM8 12v-1.5h2a.5.5 0 0 0 .5-.5V8H12v2a2 2 0 0 1-2 2H8Zm2-12a2 2 0 0 1 2 2v2h-1.5V2a.5.5 0 0 0-.5-.5H8V0h2Z\" \/>\n\t\t\t<\/svg>\n\t\t<\/button>        <div data-wp-body=\"\" class=\"wp-lightbox-overlay zoom\"\n            data-wp-bind--role=\"selectors.core.image.roleAttribute\"\n            data-wp-bind--aria-label=\"selectors.core.image.dialogLabel\"\n            data-wp-class--initialized=\"context.core.image.initialized\"\n            data-wp-class--active=\"context.core.image.lightboxEnabled\"\n            data-wp-class--hideAnimationEnabled=\"context.core.image.hideAnimationEnabled\"\n            data-wp-bind--aria-modal=\"selectors.core.image.ariaModal\"\n            data-wp-effect=\"effects.core.image.initLightbox\"\n            data-wp-on--keydown=\"actions.core.image.handleKeydown\"\n            data-wp-on--touchstart=\"actions.core.image.handleTouchStart\"\n            data-wp-on--touchmove=\"actions.core.image.handleTouchMove\"\n            data-wp-on--touchend=\"actions.core.image.handleTouchEnd\"\n            data-wp-on--click=\"actions.core.image.hideLightbox\"\n            tabindex=\"-1\"\n            >\n                <button type=\"button\" aria-label=\"Fermer\" style=\"fill: #000\" class=\"close-button\" data-wp-on--click=\"actions.core.image.hideLightbox\">\n                    <svg xmlns=\"http:\/\/www.w3.org\/2000\/svg\" viewBox=\"0 0 24 24\" width=\"20\" height=\"20\" aria-hidden=\"true\" focusable=\"false\"><path d=\"M13 11.8l6.1-6.3-1-1-6.1 6.2-6.1-6.2-1 1 6.1 6.3-6.5 6.7 1 1 6.5-6.6 6.5 6.6 1-1z\"><\/path><\/svg>\n                <\/button>\n                <div class=\"lightbox-image-container\">\n<figure class=\"wp-block-image size-full is-resized responsive-image\"><img decoding=\"async\" data-wp-bind--src=\"context.core.image.imageCurrentSrc\" data-wp-style--object-fit=\"selectors.core.image.lightboxObjectFit\" src=\"\" alt=\"\" class=\"wp-image-45416\" style=\"width:297px;height:auto\"\/><\/figure>\n<\/div>\n                <div class=\"lightbox-image-container\">\n<figure class=\"wp-block-image size-full is-resized enlarged-image\"><img decoding=\"async\" data-wp-bind--src=\"selectors.core.image.enlargedImgSrc\" data-wp-style--object-fit=\"selectors.core.image.lightboxObjectFit\" src=\"\" alt=\"\" class=\"wp-image-45416\" style=\"width:297px;height:auto\"\/><\/figure>\n<\/div>\n                <div class=\"scrim\" style=\"background-color: #fff\" aria-hidden=\"true\"><\/div>\n        <\/div><\/figure>\n\n\n\n<p>Une rubrique avec les bonnes adresses, sites pour vos \u00e9changes, achats et contacts\u2026.etc.<\/p>\n\n\n\n<p>Merci de me faire part de vos coordonn\u00e9es pour compl\u00e9ter\u2026<\/p>\n\n\n\n<p>Moi M\u00eame <strong>Laurent GRANDIN <\/strong>(Collectionneur Kinder), Tous dans les vitrines\u2026.&nbsp;Beaucoup de&nbsp;doubles<\/p>\n\n\n\n<p>Jou\u00e9 Sur Erdre (44 Loire Atlantique). e-mail <a href=\"http:\/\/web.archive.org\/web\/20210411103101\/mailto:lopunto@hotmail.com\">lopunto@hotmail.com<\/a><\/p>\n\n\n\n<p><mark style=\"background-color:rgba(0, 0, 0, 0);color:#f10e0e\" class=\"has-inline-color\"><strong>Un super site Kinder en Allemand, la Bible du Kinder<\/strong><\/mark><\/p>\n\n\n\n<p>http:\/\/www.hjfhenze.de\/index.htm<\/p>\n\n\n\n<p><strong>Franck<\/strong> : \u00c9change, son nouveau site<\/p>\n\n\n\n<p><a href=\"https:\/\/kinder-surprise-de-franckinder-22.webselfsite.net\/\">https:\/\/kinder-surprise-de-franckinder-22.webselfsite.net\/<\/a><\/p>\n\n\n\n<figure data-wp-context=\"{ &quot;core&quot;:\n\t\t\t\t{ &quot;image&quot;:\n\t\t\t\t\t{   &quot;imageLoaded&quot;: false,\n\t\t\t\t\t\t&quot;initialized&quot;: false,\n\t\t\t\t\t\t&quot;lightboxEnabled&quot;: false,\n\t\t\t\t\t\t&quot;hideAnimationEnabled&quot;: false,\n\t\t\t\t\t\t&quot;preloadInitialized&quot;: false,\n\t\t\t\t\t\t&quot;lightboxAnimation&quot;: &quot;zoom&quot;,\n\t\t\t\t\t\t&quot;imageUploadedSrc&quot;: &quot;https:\/\/kindlaurent.fr\/wp-content\/uploads\/2024\/12\/Capture-plein-ecran-28122024-142611.bmp.jpg&quot;,\n\t\t\t\t\t\t&quot;imageCurrentSrc&quot;: &quot;&quot;,\n\t\t\t\t\t\t&quot;targetWidth&quot;: &quot;888&quot;,\n\t\t\t\t\t\t&quot;targetHeight&quot;: &quot;890&quot;,\n\t\t\t\t\t\t&quot;scaleAttr&quot;: &quot;&quot;,\n\t\t\t\t\t\t&quot;dialogLabel&quot;: &quot;Image agrandie&quot;\n\t\t\t\t\t}\n\t\t\t\t}\n\t\t\t}\" data-wp-interactive class=\"wp-block-image size-full is-resized wp-lightbox-container\"><img loading=\"lazy\" decoding=\"async\" width=\"888\" height=\"890\" data-wp-effect--setStylesOnResize=\"effects.core.image.setStylesOnResize\" data-wp-effect=\"effects.core.image.setButtonStyles\" data-wp-init=\"effects.core.image.initOriginImage\" data-wp-on--click=\"actions.core.image.showLightbox\" data-wp-on--load=\"actions.core.image.handleLoad\" src=\"https:\/\/kindlaurent.fr\/wp-content\/uploads\/2024\/12\/Capture-plein-ecran-28122024-142611.bmp.jpg\" alt=\"\" class=\"wp-image-27857\" style=\"width:428px;height:auto\" srcset=\"https:\/\/kindlaurent.fr\/wp-content\/uploads\/2024\/12\/Capture-plein-ecran-28122024-142611.bmp.jpg 888w, https:\/\/kindlaurent.fr\/wp-content\/uploads\/2024\/12\/Capture-plein-ecran-28122024-142611.bmp-300x300.jpg 300w, https:\/\/kindlaurent.fr\/wp-content\/uploads\/2024\/12\/Capture-plein-ecran-28122024-142611.bmp-150x150.jpg 150w, https:\/\/kindlaurent.fr\/wp-content\/uploads\/2024\/12\/Capture-plein-ecran-28122024-142611.bmp-768x770.jpg 768w\" sizes=\"(max-width: 888px) 100vw, 888px\" \/><button\n\t\t\tclass=\"lightbox-trigger\"\n\t\t\ttype=\"button\"\n\t\t\taria-haspopup=\"dialog\"\n\t\t\taria-label=\"Agrandir l\u2018image\"\n\t\t\tdata-wp-on--click=\"actions.core.image.showLightbox\"\n\t\t\tdata-wp-style--right=\"context.core.image.imageButtonRight\"\n\t\t\tdata-wp-style--top=\"context.core.image.imageButtonTop\"\n\t\t>\n\t\t\t<svg xmlns=\"http:\/\/www.w3.org\/2000\/svg\" width=\"12\" height=\"12\" fill=\"none\" viewBox=\"0 0 12 12\">\n\t\t\t\t<path fill=\"#fff\" d=\"M2 0a2 2 0 0 0-2 2v2h1.5V2a.5.5 0 0 1 .5-.5h2V0H2Zm2 10.5H2a.5.5 0 0 1-.5-.5V8H0v2a2 2 0 0 0 2 2h2v-1.5ZM8 12v-1.5h2a.5.5 0 0 0 .5-.5V8H12v2a2 2 0 0 1-2 2H8Zm2-12a2 2 0 0 1 2 2v2h-1.5V2a.5.5 0 0 0-.5-.5H8V0h2Z\" \/>\n\t\t\t<\/svg>\n\t\t<\/button>        <div data-wp-body=\"\" class=\"wp-lightbox-overlay zoom\"\n            data-wp-bind--role=\"selectors.core.image.roleAttribute\"\n            data-wp-bind--aria-label=\"selectors.core.image.dialogLabel\"\n            data-wp-class--initialized=\"context.core.image.initialized\"\n            data-wp-class--active=\"context.core.image.lightboxEnabled\"\n            data-wp-class--hideAnimationEnabled=\"context.core.image.hideAnimationEnabled\"\n            data-wp-bind--aria-modal=\"selectors.core.image.ariaModal\"\n            data-wp-effect=\"effects.core.image.initLightbox\"\n            data-wp-on--keydown=\"actions.core.image.handleKeydown\"\n            data-wp-on--touchstart=\"actions.core.image.handleTouchStart\"\n            data-wp-on--touchmove=\"actions.core.image.handleTouchMove\"\n            data-wp-on--touchend=\"actions.core.image.handleTouchEnd\"\n            data-wp-on--click=\"actions.core.image.hideLightbox\"\n            tabindex=\"-1\"\n            >\n                <button type=\"button\" aria-label=\"Fermer\" style=\"fill: #000\" class=\"close-button\" data-wp-on--click=\"actions.core.image.hideLightbox\">\n                    <svg xmlns=\"http:\/\/www.w3.org\/2000\/svg\" viewBox=\"0 0 24 24\" width=\"20\" height=\"20\" aria-hidden=\"true\" focusable=\"false\"><path d=\"M13 11.8l6.1-6.3-1-1-6.1 6.2-6.1-6.2-1 1 6.1 6.3-6.5 6.7 1 1 6.5-6.6 6.5 6.6 1-1z\"><\/path><\/svg>\n                <\/button>\n                <div class=\"lightbox-image-container\">\n<figure class=\"wp-block-image size-full is-resized responsive-image\"><img decoding=\"async\" data-wp-bind--src=\"context.core.image.imageCurrentSrc\" data-wp-style--object-fit=\"selectors.core.image.lightboxObjectFit\" src=\"\" alt=\"\" class=\"wp-image-27857\" style=\"width:428px;height:auto\"\/><\/figure>\n<\/div>\n                <div class=\"lightbox-image-container\">\n<figure class=\"wp-block-image size-full is-resized enlarged-image\"><img decoding=\"async\" data-wp-bind--src=\"selectors.core.image.enlargedImgSrc\" data-wp-style--object-fit=\"selectors.core.image.lightboxObjectFit\" src=\"\" alt=\"\" class=\"wp-image-27857\" style=\"width:428px;height:auto\"\/><\/figure>\n<\/div>\n                <div class=\"scrim\" style=\"background-color: #fff\" aria-hidden=\"true\"><\/div>\n        <\/div><\/figure>\n\n\n\n<p><strong>Isabelle <\/strong>Bonjour. Je vous attends sur ma page facebook pour retrouver tous mes kinders&nbsp;\u00e0 vendre ou \u00e0 \u00e9changer !&nbsp;\ud83d\ude42&nbsp;A bient\u00f4t&nbsp;Isabelle<\/p>\n\n\n\n<p><a href=\"https:\/\/www.facebook.com\/pg\/Kinderisa\/shop\/\">https:\/\/www.facebook.com\/pg\/Kinderisa\/shop\/<\/a><\/p>\n\n\n\n<p><strong>Brieuc ROGER <\/strong>(Collectionneur Kinder), Vente sur les vides-greniers de l\u2019Ouest, Un stock \u00e9norme !!!!&nbsp;pour compl\u00e9ter tous vos manque \u00e0 des prix tr\u00e8s raisonnables\u2026 Envois sur toute la France\u2026 Vous le retrouverez sur les vides-greniers, bourses miniatures, les dates ci-dessous sont&nbsp;remises \u00e0 jour r\u00e9guli\u00e8rement..<\/p>\n\n\n\n<figure data-wp-context=\"{ &quot;core&quot;:\n\t\t\t\t{ &quot;image&quot;:\n\t\t\t\t\t{   &quot;imageLoaded&quot;: false,\n\t\t\t\t\t\t&quot;initialized&quot;: false,\n\t\t\t\t\t\t&quot;lightboxEnabled&quot;: false,\n\t\t\t\t\t\t&quot;hideAnimationEnabled&quot;: false,\n\t\t\t\t\t\t&quot;preloadInitialized&quot;: false,\n\t\t\t\t\t\t&quot;lightboxAnimation&quot;: &quot;zoom&quot;,\n\t\t\t\t\t\t&quot;imageUploadedSrc&quot;: &quot;https:\/\/kindlaurent.fr\/wp-content\/uploads\/2024\/03\/p1010394.jpg&quot;,\n\t\t\t\t\t\t&quot;imageCurrentSrc&quot;: &quot;&quot;,\n\t\t\t\t\t\t&quot;targetWidth&quot;: &quot;450&quot;,\n\t\t\t\t\t\t&quot;targetHeight&quot;: &quot;600&quot;,\n\t\t\t\t\t\t&quot;scaleAttr&quot;: &quot;&quot;,\n\t\t\t\t\t\t&quot;dialogLabel&quot;: &quot;Image agrandie&quot;\n\t\t\t\t\t}\n\t\t\t\t}\n\t\t\t}\" data-wp-interactive class=\"wp-block-image size-full is-resized wp-lightbox-container\"><img loading=\"lazy\" decoding=\"async\" width=\"450\" height=\"600\" data-wp-effect--setStylesOnResize=\"effects.core.image.setStylesOnResize\" data-wp-effect=\"effects.core.image.setButtonStyles\" data-wp-init=\"effects.core.image.initOriginImage\" data-wp-on--click=\"actions.core.image.showLightbox\" data-wp-on--load=\"actions.core.image.handleLoad\" src=\"https:\/\/kindlaurent.fr\/wp-content\/uploads\/2024\/03\/p1010394.jpg\" alt=\"\" class=\"wp-image-548\" style=\"width:347px;height:auto\" srcset=\"https:\/\/kindlaurent.fr\/wp-content\/uploads\/2024\/03\/p1010394.jpg 450w, https:\/\/kindlaurent.fr\/wp-content\/uploads\/2024\/03\/p1010394-225x300.jpg 225w\" sizes=\"(max-width: 450px) 100vw, 450px\" \/><button\n\t\t\tclass=\"lightbox-trigger\"\n\t\t\ttype=\"button\"\n\t\t\taria-haspopup=\"dialog\"\n\t\t\taria-label=\"Agrandir l\u2018image\"\n\t\t\tdata-wp-on--click=\"actions.core.image.showLightbox\"\n\t\t\tdata-wp-style--right=\"context.core.image.imageButtonRight\"\n\t\t\tdata-wp-style--top=\"context.core.image.imageButtonTop\"\n\t\t>\n\t\t\t<svg xmlns=\"http:\/\/www.w3.org\/2000\/svg\" width=\"12\" height=\"12\" fill=\"none\" viewBox=\"0 0 12 12\">\n\t\t\t\t<path fill=\"#fff\" d=\"M2 0a2 2 0 0 0-2 2v2h1.5V2a.5.5 0 0 1 .5-.5h2V0H2Zm2 10.5H2a.5.5 0 0 1-.5-.5V8H0v2a2 2 0 0 0 2 2h2v-1.5ZM8 12v-1.5h2a.5.5 0 0 0 .5-.5V8H12v2a2 2 0 0 1-2 2H8Zm2-12a2 2 0 0 1 2 2v2h-1.5V2a.5.5 0 0 0-.5-.5H8V0h2Z\" \/>\n\t\t\t<\/svg>\n\t\t<\/button>        <div data-wp-body=\"\" class=\"wp-lightbox-overlay zoom\"\n            data-wp-bind--role=\"selectors.core.image.roleAttribute\"\n            data-wp-bind--aria-label=\"selectors.core.image.dialogLabel\"\n            data-wp-class--initialized=\"context.core.image.initialized\"\n            data-wp-class--active=\"context.core.image.lightboxEnabled\"\n            data-wp-class--hideAnimationEnabled=\"context.core.image.hideAnimationEnabled\"\n            data-wp-bind--aria-modal=\"selectors.core.image.ariaModal\"\n            data-wp-effect=\"effects.core.image.initLightbox\"\n            data-wp-on--keydown=\"actions.core.image.handleKeydown\"\n            data-wp-on--touchstart=\"actions.core.image.handleTouchStart\"\n            data-wp-on--touchmove=\"actions.core.image.handleTouchMove\"\n            data-wp-on--touchend=\"actions.core.image.handleTouchEnd\"\n            data-wp-on--click=\"actions.core.image.hideLightbox\"\n            tabindex=\"-1\"\n            >\n                <button type=\"button\" aria-label=\"Fermer\" style=\"fill: #000\" class=\"close-button\" data-wp-on--click=\"actions.core.image.hideLightbox\">\n                    <svg xmlns=\"http:\/\/www.w3.org\/2000\/svg\" viewBox=\"0 0 24 24\" width=\"20\" height=\"20\" aria-hidden=\"true\" focusable=\"false\"><path d=\"M13 11.8l6.1-6.3-1-1-6.1 6.2-6.1-6.2-1 1 6.1 6.3-6.5 6.7 1 1 6.5-6.6 6.5 6.6 1-1z\"><\/path><\/svg>\n                <\/button>\n                <div class=\"lightbox-image-container\">\n<figure class=\"wp-block-image size-full is-resized responsive-image\"><img decoding=\"async\" data-wp-bind--src=\"context.core.image.imageCurrentSrc\" data-wp-style--object-fit=\"selectors.core.image.lightboxObjectFit\" src=\"\" alt=\"\" class=\"wp-image-548\" style=\"width:347px;height:auto\"\/><\/figure>\n<\/div>\n                <div class=\"lightbox-image-container\">\n<figure class=\"wp-block-image size-full is-resized enlarged-image\"><img decoding=\"async\" data-wp-bind--src=\"selectors.core.image.enlargedImgSrc\" data-wp-style--object-fit=\"selectors.core.image.lightboxObjectFit\" src=\"\" alt=\"\" class=\"wp-image-548\" style=\"width:347px;height:auto\"\/><\/figure>\n<\/div>\n                <div class=\"scrim\" style=\"background-color: #fff\" aria-hidden=\"true\"><\/div>\n        <\/div><\/figure>\n\n\n\n<p><strong>Mr Brieuc roger<\/strong><br>1 place de l\u2019\u00e9glise<br>44170 Marsac sur don<br><strong>TEL :<\/strong> 06 81 92 27 96<br><strong>Mail :<\/strong> <a href=\"http:\/\/web.archive.org\/web\/20210411103101\/mailto:roger.brieuc@sfr.fr\">roger.brieuc@sfr.fr<\/a><\/p>\n\n\n\n<p><\/p>\n\n\n\n<p>* LE 25 JANVIER 2026 A BRUZ ( 35 ) &#8211; espace vau gaillard , avenue Alphonse Legault<\/p>\n\n\n\n<p>* LE 1er F\u00c9VRIER 2026 A LOCMINE ( 56 ) &#8211; halle des sports ( bourse de miniatures )<\/p>\n\n\n\n<p>* LE 8 F\u00c9VRIER 2026 A MAULEVRIER ( 49 ) &#8211; salle des f\u00eates ( bourse de miniatures )<\/p>\n\n\n\n<p>* LE 22 F\u00c9VRIER 2026 A DOL DE BRETAGNE ( 35 ) &#8211; salle multisports ( rue des Tendi\u00e8res ) ( bourse de miniatures )<\/p>\n\n\n\n<p>* LE 8 MARS 2026 A ANCENIS ( 44 ) &#8211; salle de la Charbonniere , boulevard de Kirkham<\/p>\n\n\n\n<p>* LE 15 MARS 2026 AUX SORINERES ( 44 ) &#8211; salle jules leaute , rue Hippolyte Derouet ( bourse de miniatures )<\/p>\n\n\n\n<p>* LES 4 &amp; 5 AVRIL 2026 A BRUZ ( 35 ) &#8211; parc des expositions de rennes (&nbsp; bourse de miniatures )<\/p>\n\n\n\n<p>* LE 19 AVRIL 2026 A BRECE ( 35 ) &#8211; complexe sportif<\/p>\n\n\n\n<p>* LE 17 MAI 2026 A PONTORSON ( 50 ) &#8211; hippodrome de la baie du mont Saint Michel ( bourse de miniatures )<\/p>\n\n\n\n<p><mark style=\"background-color:rgba(0, 0, 0, 0);color:#f30c0c\" class=\"has-inline-color\">D\u2019autres dates suivront\u2026\u00a0 \u00e0 noter les dates sont donn\u00e9es sous toutes r\u00e9ser<\/mark><mark style=\"background-color:rgba(0, 0, 0, 0);color:#fa0707\" class=\"has-inline-color\">ves&#8230;<\/mark><\/p>\n\n\n\n<figure class=\"wp-block-image size-full\"><img loading=\"lazy\" decoding=\"async\" width=\"163\" height=\"167\" src=\"https:\/\/kindlaurent.fr\/wp-content\/uploads\/2024\/03\/thumbup.gif\" alt=\"\" class=\"wp-image-549\"\/><\/figure>\n","protected":false},"excerpt":{"rendered":"<p>Page mise \u00e0 jour le26\/01\/2026 Bonjour, Pour info, le salon de CARVIN aura lieu le 29 Mars 2026. pour infos, Ci-joint affiche et bulletin inscription. Amicalement, Franck Une rubrique avec les bonnes adresses, sites pour vos \u00e9changes, achats et contacts\u2026.etc. Merci de me faire part de vos coordonn\u00e9es pour compl\u00e9ter\u2026 Moi M\u00eame Laurent GRANDIN (Collectionneur &hellip; <a href=\"https:\/\/kindlaurent.fr\/index.php\/bonnes-adresses\/\" class=\"more-link\">Continuer la lecture de <span class=\"screen-reader-text\">Bonnes adresses, sites et liens<\/span>  <span class=\"meta-nav\">&rarr;<\/span><\/a><\/p>\n","protected":false},"author":1,"featured_media":0,"parent":0,"menu_order":0,"comment_status":"closed","ping_status":"closed","template":"","meta":{"footnotes":""},"_links":{"self":[{"href":"https:\/\/kindlaurent.fr\/index.php\/wp-json\/wp\/v2\/pages\/545"}],"collection":[{"href":"https:\/\/kindlaurent.fr\/index.php\/wp-json\/wp\/v2\/pages"}],"about":[{"href":"https:\/\/kindlaurent.fr\/index.php\/wp-json\/wp\/v2\/types\/page"}],"author":[{"embeddable":true,"href":"https:\/\/kindlaurent.fr\/index.php\/wp-json\/wp\/v2\/users\/1"}],"replies":[{"embeddable":true,"href":"https:\/\/kindlaurent.fr\/index.php\/wp-json\/wp\/v2\/comments?post=545"}],"version-history":[{"count":2,"href":"https:\/\/kindlaurent.fr\/index.php\/wp-json\/wp\/v2\/pages\/545\/revisions"}],"predecessor-version":[{"id":45417,"href":"https:\/\/kindlaurent.fr\/index.php\/wp-json\/wp\/v2\/pages\/545\/revisions\/45417"}],"wp:attachment":[{"href":"https:\/\/kindlaurent.fr\/index.php\/wp-json\/wp\/v2\/media?parent=545"}],"curies":[{"name":"wp","href":"https:\/\/api.w.org\/{rel}","templated":true}]}}